{"id":2021,"date":"2025-06-20T08:56:29","date_gmt":"2025-06-20T06:56:29","guid":{"rendered":"https:\/\/cesmod.cz\/?page_id=2021"},"modified":"2025-07-24T12:51:59","modified_gmt":"2025-07-24T10:51:59","slug":"prihlaseni-ws-30-9-2025","status":"publish","type":"page","link":"https:\/\/cesmod.cz\/en\/prihlaseni-ws-30-9-2025\/","title":{"rendered":"P\u0159ihl\u00e1\u0161en\u00ed WS 30.9.2025"},"content":{"rendered":"<div data-elementor-type=\"wp-page\" data-elementor-id=\"2021\" class=\"elementor elementor-2021\">\n\t\t\t\t<div data-wpr-sticky-section=\"yes\" data-wpr-position-type=\"sticky\" data-wpr-position-offset=\"0\" data-wpr-position-location=\"top\" data-wpr-sticky-devices=\"desktop_sticky\" data-wpr-custom-breakpoints=\"\" data-wpr-active-breakpoints=\"mobile_sticky tablet_sticky desktop_sticky\" data-wpr-z-index=\"10\" data-wpr-sticky-hide=\"\" data-wpr-replace-header=\"\" data-wpr-animation-duration=\"\" data-wpr-sticky-type=\"sticky\" class=\"elementor-element elementor-element-f2aacbb wpr-sticky-section-yes e-flex e-con-boxed wpr-particle-no wpr-jarallax-no wpr-parallax-no e-con e-parent\" data-id=\"f2aacbb\" data-element_type=\"container\" data-settings=\"{&quot;background_background&quot;:&quot;classic&quot;,&quot;position_offset&quot;:0,&quot;position_offset_tablet&quot;:0,&quot;position_offset_mobile&quot;:0}\">\n\t\t\t\t\t<div class=\"e-con-inner\">\n\t\t<div class=\"elementor-element elementor-element-efbbd6c e-con-full e-flex wpr-particle-no wpr-jarallax-no wpr-parallax-no wpr-sticky-section-no e-con e-child\" data-id=\"efbbd6c\" data-element_type=\"container\">\n\t\t\t\t<div class=\"elementor-element elementor-element-d397d39 elementor-widget__width-initial elementor-widget elementor-widget-image\" data-id=\"d397d39\" data-element_type=\"widget\" data-widget_type=\"image.default\">\n\t\t\t\t<div class=\"elementor-widget-container\">\n\t\t\t\t\t\t\t\t\t\t\t\t\t\t\t\t<a href=\"https:\/\/cesmod.cz\/en\/\">\n\t\t\t\t\t\t\t<img decoding=\"async\" src=\"https:\/\/cesmod.cz\/wp-content\/uploads\/elementor\/thumbs\/CESMOD_logotyp_positive-qyrtbsjnwgxl99n83292nwqj9fqrxm197tbfixiau8.png\" title=\"CESMOD_logotyp_positive\" alt=\"CESMOD-logo\" loading=\"lazy\" \/>\t\t\t\t\t\t\t\t<\/a>\n\t\t\t\t\t\t\t\t\t\t\t\t\t\t\t<\/div>\n\t\t\t\t<\/div>\n\t\t\t\t<\/div>\n\t\t<div class=\"elementor-element elementor-element-1449505 e-con-full e-flex wpr-particle-no wpr-jarallax-no wpr-parallax-no wpr-sticky-section-no e-con e-child\" data-id=\"1449505\" data-element_type=\"container\">\n\t\t\t\t<div class=\"elementor-element elementor-element-9f3688b wpr-main-menu-align-right wpr-mobile-toggle-v2 elementor-widget-tablet__width-initial elementor-widget-mobile__width-initial wpr-main-menu-align--tabletleft wpr-main-menu-align--mobileleft wpr-pointer-underline wpr-pointer-line-fx wpr-pointer-fx-fade wpr-sub-icon-caret-down wpr-sub-menu-fx-fade wpr-nav-menu-bp-mobile wpr-mobile-menu-full-width wpr-mobile-menu-item-align-center wpr-sub-divider-yes wpr-mobile-divider-yes elementor-widget elementor-widget-wpr-nav-menu\" data-id=\"9f3688b\" data-element_type=\"widget\" data-settings=\"{&quot;menu_layout&quot;:&quot;horizontal&quot;}\" data-widget_type=\"wpr-nav-menu.default\">\n\t\t\t\t<div class=\"elementor-widget-container\">\n\t\t\t\t\t<nav class=\"wpr-nav-menu-container wpr-nav-menu-horizontal\" data-trigger=\"hover\"><ul id=\"menu-1-9f3688b\" class=\"wpr-nav-menu\"><li class=\"menu-item menu-item-type-post_type menu-item-object-page menu-item-home menu-item-1129\"><a href=\"https:\/\/cesmod.cz\/en\/\" class=\"wpr-menu-item wpr-pointer-item\">Home<\/a><\/li>\n<li class=\"menu-item menu-item-type-post_type menu-item-object-page menu-item-has-children menu-item-1126\"><a href=\"https:\/\/cesmod.cz\/en\/o-nas\/\" class=\"wpr-menu-item wpr-pointer-item\">About us<i class=\"wpr-sub-icon fas\" aria-hidden=\"true\"><\/i><\/a>\n<ul class=\"sub-menu wpr-sub-menu\">\n\t<li class=\"menu-item menu-item-type-custom menu-item-object-custom menu-item-1696\"><a href=\"\/en\/o-nas\/#PP\" class=\"wpr-sub-menu-item\">Project introduction<\/a><\/li>\n\t<li class=\"menu-item menu-item-type-custom menu-item-object-custom menu-item-1700\"><a href=\"\/en\/o-nas\/#RP\" class=\"wpr-sub-menu-item\">Project Council<\/a><\/li>\n\t<li class=\"menu-item menu-item-type-post_type menu-item-object-page menu-item-1127\"><a href=\"https:\/\/cesmod.cz\/en\/o-nas\/resitelsky-tym\/\" class=\"wpr-sub-menu-item\">Project Team<\/a><\/li>\n\t<li class=\"menu-item menu-item-type-custom menu-item-object-custom menu-item-1701\"><a href=\"\/en\/o-nas\/#S\" class=\"wpr-sub-menu-item\">Cooperation<\/a><\/li>\n<\/ul>\n<\/li>\n<li class=\"menu-item menu-item-type-post_type menu-item-object-page menu-item-1128\"><a href=\"https:\/\/cesmod.cz\/en\/temata\/\" class=\"wpr-menu-item wpr-pointer-item\">Topics<\/a><\/li>\n<li class=\"menu-item menu-item-type-post_type menu-item-object-page menu-item-1626\"><a href=\"https:\/\/cesmod.cz\/en\/vystupy\/\" class=\"wpr-menu-item wpr-pointer-item\">Outputs<\/a><\/li>\n<li class=\"menu-item menu-item-type-post_type menu-item-object-page menu-item-1337\"><a href=\"https:\/\/cesmod.cz\/en\/kontakt\/\" class=\"wpr-menu-item wpr-pointer-item\">Contact<\/a><\/li>\n<li class=\"trp-language-switcher-container menu-item menu-item-type-post_type menu-item-object-language_switcher current-language-menu-item menu-item-2201\"><a href=\"https:\/\/cesmod.cz\/en\/wp-json\/wp\/v2\/pages\/2021\" class=\"wpr-menu-item wpr-pointer-item\"><span data-no-translation><img decoding=\"async\" class=\"trp-flag-image\" src=\"https:\/\/cesmod.cz\/wp-content\/plugins\/translatepress-multilingual\/assets\/images\/flags\/cs_CZ.png\" width=\"18\" height=\"12\" alt=\"cs_CZ\" title=\"\u010ce\u0161tina\"><\/span><\/a><\/li>\n<\/ul><\/nav><nav class=\"wpr-mobile-nav-menu-container\"><div class=\"wpr-mobile-toggle-wrap\"><div class=\"wpr-mobile-toggle\"><span class=\"wpr-mobile-toggle-line\"><\/span><span class=\"wpr-mobile-toggle-line\"><\/span><span class=\"wpr-mobile-toggle-line\"><\/span><\/div><\/div><ul id=\"mobile-menu-2-9f3688b\" class=\"wpr-mobile-nav-menu\"><li class=\"menu-item menu-item-type-post_type menu-item-object-page menu-item-home menu-item-1129\"><a href=\"https:\/\/cesmod.cz\/en\/\" class=\"wpr-mobile-menu-item\">Home<\/a><\/li>\n<li class=\"menu-item menu-item-type-post_type menu-item-object-page menu-item-has-children menu-item-1126\"><a href=\"https:\/\/cesmod.cz\/en\/o-nas\/\" class=\"wpr-mobile-menu-item\">About us<\/a>\n<ul class=\"sub-menu wpr-sub-menu\">\n\t<li class=\"menu-item menu-item-type-custom menu-item-object-custom menu-item-1696\"><a href=\"\/en\/o-nas\/#PP\" class=\"wpr-mobile-sub-menu-item\">Project introduction<\/a><\/li>\n\t<li class=\"menu-item menu-item-type-custom menu-item-object-custom menu-item-1700\"><a href=\"\/en\/o-nas\/#RP\" class=\"wpr-mobile-sub-menu-item\">Project Council<\/a><\/li>\n\t<li class=\"menu-item menu-item-type-post_type menu-item-object-page menu-item-1127\"><a href=\"https:\/\/cesmod.cz\/en\/o-nas\/resitelsky-tym\/\" class=\"wpr-mobile-sub-menu-item\">Project Team<\/a><\/li>\n\t<li class=\"menu-item menu-item-type-custom menu-item-object-custom menu-item-1701\"><a href=\"\/en\/o-nas\/#S\" class=\"wpr-mobile-sub-menu-item\">Cooperation<\/a><\/li>\n<\/ul>\n<\/li>\n<li class=\"menu-item menu-item-type-post_type menu-item-object-page menu-item-1128\"><a href=\"https:\/\/cesmod.cz\/en\/temata\/\" class=\"wpr-mobile-menu-item\">Topics<\/a><\/li>\n<li class=\"menu-item menu-item-type-post_type menu-item-object-page menu-item-1626\"><a href=\"https:\/\/cesmod.cz\/en\/vystupy\/\" class=\"wpr-mobile-menu-item\">Outputs<\/a><\/li>\n<li class=\"menu-item menu-item-type-post_type menu-item-object-page menu-item-1337\"><a href=\"https:\/\/cesmod.cz\/en\/kontakt\/\" class=\"wpr-mobile-menu-item\">Contact<\/a><\/li>\n<li class=\"trp-language-switcher-container menu-item menu-item-type-post_type menu-item-object-language_switcher current-language-menu-item menu-item-2201\"><a href=\"https:\/\/cesmod.cz\/en\/wp-json\/wp\/v2\/pages\/2021\" class=\"wpr-mobile-menu-item\"><span data-no-translation><img decoding=\"async\" class=\"trp-flag-image\" src=\"https:\/\/cesmod.cz\/wp-content\/plugins\/translatepress-multilingual\/assets\/images\/flags\/cs_CZ.png\" width=\"18\" height=\"12\" alt=\"cs_CZ\" title=\"\u010ce\u0161tina\"><\/span><\/a><\/li>\n<\/ul><\/nav>\t\t\t\t<\/div>\n\t\t\t\t<\/div>\n\t\t\t\t<div class=\"elementor-element elementor-element-45cb319 elementor-shape-circle elementor-grid-0 e-grid-align-center elementor-widget elementor-widget-social-icons\" data-id=\"45cb319\" data-element_type=\"widget\" data-widget_type=\"social-icons.default\">\n\t\t\t\t<div class=\"elementor-widget-container\">\n\t\t\t\t\t\t\t<div class=\"elementor-social-icons-wrapper elementor-grid\" role=\"list\">\n\t\t\t\t\t\t\t<span class=\"elementor-grid-item\" role=\"listitem\">\n\t\t\t\t\t<a class=\"elementor-icon elementor-social-icon elementor-social-icon-facebook-f elementor-repeater-item-383053f\" href=\"https:\/\/www.facebook.com\/CESMOD.cz\" target=\"_blank\">\n\t\t\t\t\t\t<span class=\"elementor-screen-only\">Facebook-f<\/span>\n\t\t\t\t\t\t<svg class=\"e-font-icon-svg e-fab-facebook-f\" viewbox=\"0 0 320 512\" xmlns=\"http:\/\/www.w3.org\/2000\/svg\"><path d=\"M279.14 288l14.22-92.66h-88.91v-60.13c0-25.35 12.42-50.06 52.24-50.06h40.42V6.26S260.43 0 225.36 0c-73.22 0-121.08 44.38-121.08 124.72v70.62H22.89V288h81.39v224h100.17V288z\"><\/path><\/svg>\t\t\t\t\t<\/a>\n\t\t\t\t<\/span>\n\t\t\t\t\t\t\t<span class=\"elementor-grid-item\" role=\"listitem\">\n\t\t\t\t\t<a class=\"elementor-icon elementor-social-icon elementor-social-icon-linkedin-in elementor-repeater-item-158d71c\" href=\"https:\/\/www.linkedin.com\/company\/cesmod\/\" target=\"_blank\">\n\t\t\t\t\t\t<span class=\"elementor-screen-only\">Linkedin-in<\/span>\n\t\t\t\t\t\t<svg class=\"e-font-icon-svg e-fab-linkedin-in\" viewbox=\"0 0 448 512\" xmlns=\"http:\/\/www.w3.org\/2000\/svg\"><path d=\"M100.28 448H7.4V148.9h92.88zM53.79 108.1C24.09 108.1 0 83.5 0 53.8a53.79 53.79 0 0 1 107.58 0c0 29.7-24.1 54.3-53.79 54.3zM447.9 448h-92.68V302.4c0-34.7-.7-79.2-48.29-79.2-48.29 0-55.69 37.7-55.69 76.7V448h-92.78V148.9h89.08v40.8h1.3c12.4-23.5 42.69-48.3 87.88-48.3 94 0 111.28 61.9 111.28 142.3V448z\"><\/path><\/svg>\t\t\t\t\t<\/a>\n\t\t\t\t<\/span>\n\t\t\t\t\t<\/div>\n\t\t\t\t\t\t<\/div>\n\t\t\t\t<\/div>\n\t\t\t\t<div class=\"elementor-element elementor-element-bf95a6c elementor-hidden-mobile wpr-search-form-style-inner wpr-search-form-position-right elementor-widget elementor-widget-wpr-search\" data-id=\"bf95a6c\" data-element_type=\"widget\" data-widget_type=\"wpr-search.default\">\n\t\t\t\t<div class=\"elementor-widget-container\">\n\t\t\t\t\t\n\t\t<form role=\"search\" method=\"get\" class=\"wpr-search-form\" action=\"https:\/\/cesmod.cz\/en\/\" data-trp-original-action=\"https:\/\/cesmod.cz\/en\">\n\n\t\t\t<div class=\"wpr-search-form-input-wrap elementor-clearfix\">\n\t\t\t\t<input class=\"wpr-search-form-input\" placeholder=\"Hledat...\" aria-label=\"Hledat\" type=\"search\" name=\"s\" title=\"Search\" value=\"\" wpr-query-type=\"all\" wpr-taxonomy-type=\"\" number-of-results=\"2\" ajax-search=\"yes\" show-description=\"\" number-of-words=\"30\" show-ajax-thumbnails=\"\" show-view-result-btn=\"\" show-product-price=\"no\" view-result-text=\"View Results\" no-results=\"Nic jsme nena\u0161li.\" exclude-without-thumb=\"\" link-target=\"_self\" password-protected=\"no\" attachments=\"no\">\n\t\t\t\t\n\t\t<button class=\"wpr-search-form-submit\" aria-label=\"Hledat\" type=\"submit\">\n\t\t\t\t\t\t\t<i class=\"fas fa-search\"><\/i>\n\t\t\t\t\t<\/button>\n\n\t\t\t\t\t<\/div>\n\n\t\t\t\t\t<input type=\"hidden\" name=\"trp-form-language\" value=\"en\"\/><\/form>\n\t\t<div class=\"wpr-data-fetch\">\n\t\t\t<span class=\"wpr-close-search\"><\/span>\n\t\t\t<ul><\/ul>\n\t\t\t\t\t<\/div>\n\t\t\n\t\t\t\t\t\t<\/div>\n\t\t\t\t<\/div>\n\t\t\t\t<\/div>\n\t\t\t\t\t<\/div>\n\t\t\t\t<\/div>\n\t\t<div class=\"elementor-element elementor-element-40e694e e-flex e-con-boxed wpr-particle-no wpr-jarallax-no wpr-parallax-no wpr-sticky-section-no e-con e-parent\" data-id=\"40e694e\" data-element_type=\"container\">\n\t\t\t\t\t<div class=\"e-con-inner\">\n\t\t\t\t<div class=\"elementor-element elementor-element-13a54b6 elementor-widget elementor-widget-heading\" data-id=\"13a54b6\" data-element_type=\"widget\" data-widget_type=\"heading.default\">\n\t\t\t\t<div class=\"elementor-widget-container\">\n\t\t\t\t\t<h1 class=\"elementor-heading-title elementor-size-default\">P\u0159ihla\u0161ovac\u00ed formul\u00e1\u0159 na WS 30.&nbsp;9.&nbsp;2025<\/h1>\t\t\t\t<\/div>\n\t\t\t\t<\/div>\n\t\t\t\t\t<\/div>\n\t\t\t\t<\/div>\n\t\t<div class=\"elementor-element elementor-element-87e20fc e-flex e-con-boxed wpr-particle-no wpr-jarallax-no wpr-parallax-no wpr-sticky-section-no e-con e-parent\" data-id=\"87e20fc\" data-element_type=\"container\">\n\t\t\t\t\t<div class=\"e-con-inner\">\n\t\t\t\t<div class=\"elementor-element elementor-element-20affda elementor-widget elementor-widget-shortcode\" data-id=\"20affda\" data-element_type=\"widget\" data-widget_type=\"shortcode.default\">\n\t\t\t\t<div class=\"elementor-widget-container\">\n\t\t\t\t\t\t\t<div class=\"elementor-shortcode\"><div id='ff_form_3' class='ff_form_not_render'>Kapacita ud\u00e1losti byla napln\u011bna, pros\u00edm kontaktujte p\u0159\u00edmo organiz\u00e1tora - michaela.hiekischova@ujep.cz<\/div><\/div>\n\t\t\t\t\t\t<\/div>\n\t\t\t\t<\/div>\n\t\t\t\t\t<\/div>\n\t\t\t\t<\/div>\n\t\t<div class=\"elementor-element elementor-element-e10ed7c e-flex e-con-boxed wpr-particle-no wpr-jarallax-no wpr-parallax-no wpr-sticky-section-no e-con e-parent\" data-id=\"e10ed7c\" data-element_type=\"container\">\n\t\t\t\t\t<div class=\"e-con-inner\">\n\t\t\t\t<div class=\"elementor-element elementor-element-9947766 elementor-widget elementor-widget-text-editor\" data-id=\"9947766\" data-element_type=\"widget\" data-widget_type=\"text-editor.default\">\n\t\t\t\t<div class=\"elementor-widget-container\">\n\t\t\t\t\t\t\t\t\t<h1><a href=\"https:\/\/cesmod.cz\/wp-content\/uploads\/Pozvanka_workshop_30092025.pdf\" target=\"_blank\" rel=\"noopener\">Pozv\u00e1nka \/ program ke sta\u017een\u00ed<\/a><\/h1>\t\t\t\t\t\t\t\t<\/div>\n\t\t\t\t<\/div>\n\t\t\t\t\t<\/div>\n\t\t\t\t<\/div>\n\t\t<div class=\"elementor-element elementor-element-32a2d8d e-flex e-con-boxed wpr-particle-no wpr-jarallax-no wpr-parallax-no wpr-sticky-section-no e-con e-parent\" data-id=\"32a2d8d\" data-element_type=\"container\" data-settings=\"{&quot;background_background&quot;:&quot;classic&quot;}\">\n\t\t\t\t\t<div class=\"e-con-inner\">\n\t\t<div class=\"elementor-element elementor-element-5a383ea e-con-full e-flex wpr-particle-no wpr-jarallax-no wpr-parallax-no wpr-sticky-section-no e-con e-child\" data-id=\"5a383ea\" data-element_type=\"container\">\n\t\t<div class=\"elementor-element elementor-element-f05bdd3 e-con-full e-flex wpr-particle-no wpr-jarallax-no wpr-parallax-no wpr-sticky-section-no e-con e-child\" data-id=\"f05bdd3\" data-element_type=\"container\">\n\t\t\t\t<div class=\"elementor-element elementor-element-697aef8 elementor-widget elementor-widget-image\" data-id=\"697aef8\" data-element_type=\"widget\" data-widget_type=\"image.default\">\n\t\t\t\t<div class=\"elementor-widget-container\">\n\t\t\t\t\t\t\t\t\t\t\t\t\t\t\t\t<a href=\"http:\/\/cesmod.cz\/en\/\">\n\t\t\t\t\t\t\t<img decoding=\"async\" src=\"https:\/\/cesmod.cz\/wp-content\/uploads\/CESMOD_logotype-in-row_1_negative-e1755864588161.png\" title=\"CESMOD_logotyp_jednoradek_1_negativ\" alt=\"CESMOD_logotyp_jednoradek_1_negativ\" loading=\"lazy\" \/>\t\t\t\t\t\t\t\t<\/a>\n\t\t\t\t\t\t\t\t\t\t\t\t\t\t\t<\/div>\n\t\t\t\t<\/div>\n\t\t\t\t<div class=\"elementor-element elementor-element-d7cdba9 elementor-shape-rounded elementor-grid-0 e-grid-align-center elementor-widget elementor-widget-social-icons\" data-id=\"d7cdba9\" data-element_type=\"widget\" data-widget_type=\"social-icons.default\">\n\t\t\t\t<div class=\"elementor-widget-container\">\n\t\t\t\t\t\t\t<div class=\"elementor-social-icons-wrapper elementor-grid\" role=\"list\">\n\t\t\t\t\t\t\t<span class=\"elementor-grid-item\" role=\"listitem\">\n\t\t\t\t\t<a class=\"elementor-icon elementor-social-icon elementor-social-icon-facebook elementor-animation-grow elementor-repeater-item-a1380ad\" href=\"https:\/\/www.facebook.com\/CESMOD.cz\" target=\"_blank\">\n\t\t\t\t\t\t<span class=\"elementor-screen-only\">Facebook<\/span>\n\t\t\t\t\t\t<svg class=\"e-font-icon-svg e-fab-facebook\" viewbox=\"0 0 512 512\" xmlns=\"http:\/\/www.w3.org\/2000\/svg\"><path d=\"M504 256C504 119 393 8 256 8S8 119 8 256c0 123.78 90.69 226.38 209.25 245V327.69h-63V256h63v-54.64c0-62.15 37-96.48 93.67-96.48 27.14 0 55.52 4.84 55.52 4.84v61h-31.28c-30.8 0-40.41 19.12-40.41 38.73V256h68.78l-11 71.69h-57.78V501C413.31 482.38 504 379.78 504 256z\"><\/path><\/svg>\t\t\t\t\t<\/a>\n\t\t\t\t<\/span>\n\t\t\t\t\t\t\t<span class=\"elementor-grid-item\" role=\"listitem\">\n\t\t\t\t\t<a class=\"elementor-icon elementor-social-icon elementor-social-icon-linkedin elementor-animation-grow elementor-repeater-item-0ec0dd1\" href=\"https:\/\/www.linkedin.com\/company\/cesmod\/\" target=\"_blank\">\n\t\t\t\t\t\t<span class=\"elementor-screen-only\">Linkedin<\/span>\n\t\t\t\t\t\t<svg class=\"e-font-icon-svg e-fab-linkedin\" viewbox=\"0 0 448 512\" xmlns=\"http:\/\/www.w3.org\/2000\/svg\"><path d=\"M416 32H31.9C14.3 32 0 46.5 0 64.3v383.4C0 465.5 14.3 480 31.9 480H416c17.6 0 32-14.5 32-32.3V64.3c0-17.8-14.4-32.3-32-32.3zM135.4 416H69V202.2h66.5V416zm-33.2-243c-21.3 0-38.5-17.3-38.5-38.5S80.9 96 102.2 96c21.2 0 38.5 17.3 38.5 38.5 0 21.3-17.2 38.5-38.5 38.5zm282.1 243h-66.4V312c0-24.8-.5-56.7-34.5-56.7-34.6 0-39.9 27-39.9 54.9V416h-66.4V202.2h63.7v29.2h.9c8.9-16.8 30.6-34.5 62.9-34.5 67.2 0 79.7 44.3 79.7 101.9V416z\"><\/path><\/svg>\t\t\t\t\t<\/a>\n\t\t\t\t<\/span>\n\t\t\t\t\t<\/div>\n\t\t\t\t\t\t<\/div>\n\t\t\t\t<\/div>\n\t\t\t\t<\/div>\n\t\t\t\t<div class=\"elementor-element elementor-element-426d3df elementor-widget-divider--view-line elementor-widget elementor-widget-divider\" data-id=\"426d3df\" data-element_type=\"widget\" data-widget_type=\"divider.default\">\n\t\t\t\t<div class=\"elementor-widget-container\">\n\t\t\t\t\t\t\t<div class=\"elementor-divider\">\n\t\t\t<span class=\"elementor-divider-separator\">\n\t\t\t\t\t\t<\/span>\n\t\t<\/div>\n\t\t\t\t\t\t<\/div>\n\t\t\t\t<\/div>\n\t\t\t\t<div class=\"elementor-element elementor-element-9c2c301 elementor-widget elementor-widget-image\" data-id=\"9c2c301\" data-element_type=\"widget\" data-widget_type=\"image.default\">\n\t\t\t\t<div class=\"elementor-widget-container\">\n\t\t\t\t\t\t\t\t\t\t\t\t\t\t\t\t<a href=\"https:\/\/tacr.gov.cz\" target=\"_blank\">\n\t\t\t\t\t\t\t<img decoding=\"async\" src=\"https:\/\/cesmod.cz\/wp-content\/uploads\/Obrazek1-e1755864952531.png\" title=\"tacr\" alt=\"tacr\" loading=\"lazy\" \/>\t\t\t\t\t\t\t\t<\/a>\n\t\t\t\t\t\t\t\t\t\t\t\t\t\t\t<\/div>\n\t\t\t\t<\/div>\n\t\t\t\t<\/div>\n\t\t\t\t\t<\/div>\n\t\t\t\t<\/div>\n\t\t\t\t<\/div>","protected":false},"excerpt":{"rendered":"<p>\u00davod O n\u00e1s P\u0159edstaven\u00ed projektu Rada projektu \u0158e\u0161itelsk\u00fd t\u00fdm Spolupracujeme T\u00e9mata V\u00fdstupy Kontakt \u00davod O n\u00e1s P\u0159edstaven\u00ed projektu Rada projektu \u0158e\u0161itelsk\u00fd t\u00fdm Spolupracujeme T\u00e9mata V\u00fdstupy Kontakt Facebook-f Linkedin-in More than 2 results are available in the PRO version (This notice is only visible to admin users) P\u0159ihla\u0161ovac\u00ed formul\u00e1\u0159 na WS 30.&nbsp;9.&nbsp;2025 <div id='ff_form_3' class='ff_form_not_render'>Kapacita ud\u00e1losti byla napln\u011bna, pros\u00edm kontaktujte p\u0159\u00edmo organiz\u00e1tora - michaela.hiekischova@ujep.cz<\/div>Pozv\u00e1nka \/ program ke sta\u017een\u00ed Facebook Linkedin<\/p>","protected":false},"author":2,"featured_media":0,"parent":0,"menu_order":0,"comment_status":"closed","ping_status":"closed","template":"elementor_canvas","meta":{"_et_pb_use_builder":"on","_et_pb_old_content":"","_et_gb_content_width":"","footnotes":""},"class_list":["post-2021","page","type-page","status-publish","hentry"],"_links":{"self":[{"href":"https:\/\/cesmod.cz\/en\/wp-json\/wp\/v2\/pages\/2021","targetHints":{"allow":["GET"]}}],"collection":[{"href":"https:\/\/cesmod.cz\/en\/wp-json\/wp\/v2\/pages"}],"about":[{"href":"https:\/\/cesmod.cz\/en\/wp-json\/wp\/v2\/types\/page"}],"author":[{"embeddable":true,"href":"https:\/\/cesmod.cz\/en\/wp-json\/wp\/v2\/users\/2"}],"replies":[{"embeddable":true,"href":"https:\/\/cesmod.cz\/en\/wp-json\/wp\/v2\/comments?post=2021"}],"version-history":[{"count":39,"href":"https:\/\/cesmod.cz\/en\/wp-json\/wp\/v2\/pages\/2021\/revisions"}],"predecessor-version":[{"id":2161,"href":"https:\/\/cesmod.cz\/en\/wp-json\/wp\/v2\/pages\/2021\/revisions\/2161"}],"wp:attachment":[{"href":"https:\/\/cesmod.cz\/en\/wp-json\/wp\/v2\/media?parent=2021"}],"curies":[{"name":"wp","href":"https:\/\/api.w.org\/{rel}","templated":true}]}}