{"id":1999,"date":"2025-05-27T21:31:25","date_gmt":"2025-05-27T19:31:25","guid":{"rendered":"https:\/\/cesmod.cz\/?page_id=1999"},"modified":"2025-05-27T21:48:54","modified_gmt":"2025-05-27T19:48:54","slug":"gdpr","status":"publish","type":"page","link":"https:\/\/cesmod.cz\/en\/gdpr\/","title":{"rendered":"GDPR"},"content":{"rendered":"<div data-elementor-type=\"wp-page\" data-elementor-id=\"1999\" class=\"elementor elementor-1999\">\n\t\t\t\t<div class=\"elementor-element elementor-element-400e40d0 e-flex e-con-boxed wpr-particle-no wpr-jarallax-no wpr-parallax-no wpr-sticky-section-no e-con e-parent\" data-id=\"400e40d0\" data-element_type=\"container\">\n\t\t\t\t\t<div class=\"e-con-inner\">\n\t\t\t\t<div class=\"elementor-element elementor-element-7259630d elementor-widget elementor-widget-text-editor\" data-id=\"7259630d\" data-element_type=\"widget\" data-widget_type=\"text-editor.default\">\n\t\t\t\t<div class=\"elementor-widget-container\">\n\t\t\t\t\t\t\t\t\t\t\t\t\t\t\t\t\t<\/div>\n\t\t\t\t<\/div>\n\t\t\t\t\t<\/div>\n\t\t\t\t<\/div>\n\t\t<div class=\"elementor-element elementor-element-c3c2c95 e-flex e-con-boxed wpr-particle-no wpr-jarallax-no wpr-parallax-no wpr-sticky-section-no e-con e-parent\" data-id=\"c3c2c95\" data-element_type=\"container\">\n\t\t\t\t\t<div class=\"e-con-inner\">\n\t\t\t\t<div class=\"elementor-element elementor-element-c29be8f elementor-widget elementor-widget-text-editor\" data-id=\"c29be8f\" data-element_type=\"widget\" data-widget_type=\"text-editor.default\">\n\t\t\t\t<div class=\"elementor-widget-container\">\n\t\t\t\t\t\t\t\t\t<p><span style=\"color: #000000;\"><strong>SOUHLAS SE ZPRACOV\u00c1N\u00cdM OSOBN\u00cdCH \u00daDAJ\u016e<br \/><\/strong><\/span><span style=\"color: #000000;\">Ud\u011blujete t\u00edmto souhlas, spr\u00e1vcem osobn\u00edch \u00fadaj\u016f je Univerzita Jana Evangelisty Purkyn\u011b v&nbsp;\u00dast\u00ed nad Labem (d\u00e1le UJEP), Pasteurova 3544\/1, 400&nbsp;96 \u00dast\u00ed nad Labem, I\u010cO 44555601. (d\u00e1le jen \u201eSpr\u00e1vce\u201c), aby ve smyslu na\u0159\u00edzen\u00ed Evropsk\u00e9ho parlamentu a Rady (EU) \u010d. 2016\/679 o ochran\u011b fyzick\u00fdch osob v&nbsp;souvislosti se zpracov\u00e1n\u00edm osobn\u00edch \u00fadaj\u016f a o voln\u00e9m pohybu t\u011bchto \u00fadaj\u016f a o zru\u0161en\u00ed sm\u011brnice 95\/46\/ES (obecn\u00e9 na\u0159\u00edzen\u00ed o ochran\u011b osobn\u00edch \u00fadaj\u016f) (d\u00e1le jen \u201eNa\u0159\u00edzen\u00ed\u201c) zpracov\u00e1vala tyto osobn\u00ed \u00fadaje: \u2013 jm\u00e9no a p\u0159\u00edjmen\u00ed \u2013 n\u00e1zev spole\u010dnosti &#8211; e-mail<br \/><\/span><span style=\"color: #000000;\">V\u00edce informac\u00ed o ochran\u011b osobn\u00edch \u00fadaj\u016f naleznete na <a style=\"color: #000000;\" href=\"http:\/\/www.ujep.cz\">www.ujep.cz<\/a>.<br \/><\/span><span style=\"color: #000000;\">Pov\u011b\u0159ence pro ochranu osobn\u00edch \u00fadaj\u016f lze kontaktovat na tel. \u010d. 475&nbsp;286&nbsp;350, 720&nbsp;073&nbsp;202 nebo na adrese poverenec@ujep.cz<br \/><\/span><\/p>\n<p><span style=\"color: #000000;\"><strong>COOKIES<br \/><\/strong><\/span><span style=\"color: #000000;\"><strong>Provozovatel\/Spr\u00e1vce:<br \/><\/strong><\/span><span style=\"color: #000000;\">Spr\u00e1vcem osobn\u00edch \u00fadaj\u016f je Univerzita Jana Evangelisty Purkyn\u011b v&nbsp;\u00dast\u00ed nad Labem (d\u00e1le UJEP), Pasteurova 3544\/1, 400&nbsp;96 \u00dast\u00ed nad Labem, I\u010cO 44555601.<\/span><\/p>\n<p><span style=\"color: #000000;\"><strong>Na tomto webu pracujeme s&nbsp;cookies.<br \/>Co jsou to cookies?<br \/><\/strong><\/span><span style=\"color: #000000;\">Cookies jsou textov\u00e9 soubory, kter\u00e9 na\u0161e webov\u00e1 str\u00e1nka ode\u0161le do prohl\u00ed\u017ee\u010de, respektive va\u0161eho za\u0159\u00edzen\u00ed, ze kter\u00e9ho na\u0161e webov\u00e9 str\u00e1nky prohl\u00ed\u017e\u00edte (tedy nap\u0159\u00edklad telefon, tablet, po\u010d\u00edta\u010d). Umo\u017e\u0148uj\u00ed n\u00e1m v\u00e1s rozeznat a podle toho p\u0159izp\u016fsobit na\u0161e webov\u00e9 str\u00e1nky, prov\u00e9st anal\u00fdzu va\u0161eho chov\u00e1n\u00ed, zobrazit v\u00e1m ur\u010dit\u00fd obsah aj.<\/span><\/p>\n<p><span style=\"color: #000000;\"><strong>Jak\u00e9 typy cookies pou\u017e\u00edv\u00e1me?<br \/><\/strong><\/span><span style=\"color: #000000;\">Technick\u00e9, funk\u010dn\u00ed\u00a0\u2013 ty jsou nutn\u00e9 k&nbsp;tomu, abychom v\u00e1m zobrazili webov\u00e9 str\u00e1nky a fungovaly v\u00e1m tak, jak maj\u00ed.<\/span><\/p>\n<p><span style=\"color: #000000;\"><strong>Na z\u00e1klad\u011b \u010deho cookies zpracov\u00e1v\u00e1me?<br \/><\/strong><\/span><span style=\"color: #000000;\">S\u00a0technick\u00fdmi a funk\u010dn\u00edmi cookies\u00a0m\u016f\u017eeme pracovat na z\u00e1klad\u011b pr\u00e1vn\u00edch p\u0159edpis\u016f. Bez nich bychom v\u00e1m na\u0161e slu\u017eby nemohli bezpe\u010dn\u011b a spr\u00e1vn\u011b poskytnout.<\/span><\/p>\n<p>\u00a0<\/p>\t\t\t\t\t\t\t\t<\/div>\n\t\t\t\t<\/div>\n\t\t\t\t\t<\/div>\n\t\t\t\t<\/div>\n\t\t\t\t<\/div>","protected":false},"excerpt":{"rendered":"<p>SOUHLAS SE ZPRACOV\u00c1N\u00cdM OSOBN\u00cdCH \u00daDAJ\u016eUd\u011blujete t\u00edmto souhlas, spr\u00e1vcem osobn\u00edch \u00fadaj\u016f je Univerzita Jana Evangelisty Purkyn\u011b v&nbsp;\u00dast\u00ed nad Labem (d\u00e1le UJEP), Pasteurova 3544\/1, 400&nbsp;96 \u00dast\u00ed nad Labem, I\u010cO 44555601. (d\u00e1le jen \u201eSpr\u00e1vce\u201c), aby ve smyslu na\u0159\u00edzen\u00ed Evropsk\u00e9ho parlamentu a Rady (EU) \u010d. 2016\/679 o ochran\u011b fyzick\u00fdch osob v&nbsp;souvislosti se zpracov\u00e1n\u00edm osobn\u00edch \u00fadaj\u016f a o voln\u00e9m pohybu t\u011bchto \u00fadaj\u016f a o zru\u0161en\u00ed sm\u011brnice 95\/46\/ES (obecn\u00e9 na\u0159\u00edzen\u00ed o ochran\u011b osobn\u00edch \u00fadaj\u016f) (d\u00e1le jen \u201eNa\u0159\u00edzen\u00ed\u201c) zpracov\u00e1vala tyto osobn\u00ed \u00fadaje: \u2013 jm\u00e9no a p\u0159\u00edjmen\u00ed \u2013 n\u00e1zev spole\u010dnosti &#8211; e-mailV\u00edce informac\u00ed o ochran\u011b osobn\u00edch \u00fadaj\u016f naleznete na www.ujep.cz.Pov\u011b\u0159ence pro ochranu osobn\u00edch \u00fadaj\u016f lze kontaktovat na tel. \u010d. 475&nbsp;286&nbsp;350, 720&nbsp;073&nbsp;202 nebo na adrese poverenec@ujep.cz COOKIESProvozovatel\/Spr\u00e1vce:Spr\u00e1vcem osobn\u00edch \u00fadaj\u016f je Univerzita Jana Evangelisty Purkyn\u011b v&nbsp;\u00dast\u00ed nad Labem (d\u00e1le UJEP), Pasteurova 3544\/1, 400&nbsp;96 \u00dast\u00ed nad Labem, I\u010cO 44555601. Na tomto webu pracujeme s&nbsp;cookies.Co jsou to cookies?Cookies jsou textov\u00e9 soubory, kter\u00e9 na\u0161e webov\u00e1 str\u00e1nka ode\u0161le do prohl\u00ed\u017ee\u010de, respektive va\u0161eho za\u0159\u00edzen\u00ed, ze kter\u00e9ho na\u0161e webov\u00e9 str\u00e1nky prohl\u00ed\u017e\u00edte (tedy nap\u0159\u00edklad telefon, tablet, po\u010d\u00edta\u010d). Umo\u017e\u0148uj\u00ed n\u00e1m v\u00e1s rozeznat a podle toho p\u0159izp\u016fsobit na\u0161e webov\u00e9 str\u00e1nky, prov\u00e9st anal\u00fdzu va\u0161eho chov\u00e1n\u00ed, zobrazit v\u00e1m ur\u010dit\u00fd obsah aj. Jak\u00e9 typy cookies pou\u017e\u00edv\u00e1me?Technick\u00e9, funk\u010dn\u00ed\u00a0\u2013 ty jsou nutn\u00e9 k&nbsp;tomu, abychom v\u00e1m zobrazili webov\u00e9 str\u00e1nky a fungovaly v\u00e1m tak, jak maj\u00ed. Na z\u00e1klad\u011b \u010deho cookies zpracov\u00e1v\u00e1me?S\u00a0technick\u00fdmi a funk\u010dn\u00edmi cookies\u00a0m\u016f\u017eeme pracovat na z\u00e1klad\u011b pr\u00e1vn\u00edch p\u0159edpis\u016f. Bez nich bychom v\u00e1m na\u0161e slu\u017eby nemohli bezpe\u010dn\u011b a spr\u00e1vn\u011b poskytnout. \u00a0<\/p>","protected":false},"author":2,"featured_media":0,"parent":0,"menu_order":0,"comment_status":"closed","ping_status":"closed","template":"elementor_canvas","meta":{"_et_pb_use_builder":"","_et_pb_old_content":"","_et_gb_content_width":"","footnotes":""},"class_list":["post-1999","page","type-page","status-publish","hentry"],"_links":{"self":[{"href":"https:\/\/cesmod.cz\/en\/wp-json\/wp\/v2\/pages\/1999","targetHints":{"allow":["GET"]}}],"collection":[{"href":"https:\/\/cesmod.cz\/en\/wp-json\/wp\/v2\/pages"}],"about":[{"href":"https:\/\/cesmod.cz\/en\/wp-json\/wp\/v2\/types\/page"}],"author":[{"embeddable":true,"href":"https:\/\/cesmod.cz\/en\/wp-json\/wp\/v2\/users\/2"}],"replies":[{"embeddable":true,"href":"https:\/\/cesmod.cz\/en\/wp-json\/wp\/v2\/comments?post=1999"}],"version-history":[{"count":7,"href":"https:\/\/cesmod.cz\/en\/wp-json\/wp\/v2\/pages\/1999\/revisions"}],"predecessor-version":[{"id":2016,"href":"https:\/\/cesmod.cz\/en\/wp-json\/wp\/v2\/pages\/1999\/revisions\/2016"}],"wp:attachment":[{"href":"https:\/\/cesmod.cz\/en\/wp-json\/wp\/v2\/media?parent=1999"}],"curies":[{"name":"wp","href":"https:\/\/api.w.org\/{rel}","templated":true}]}}